{"id":520,"date":"2017-06-23T09:42:21","date_gmt":"2017-06-23T09:42:21","guid":{"rendered":"http:\/\/dummy.xtemos.com\/woodmart\/demos\/?page_id=520"},"modified":"2021-04-22T20:12:32","modified_gmt":"2021-04-22T20:12:32","slug":"home","status":"publish","type":"page","link":"https:\/\/alglob.pl\/en\/","title":{"rendered":"Home"},"content":{"rendered":"<p>[vc_row full_width=&#8221;stretch_row_content_no_spaces&#8221; css=&#8221;.vc_custom_1496994191040{margin-top: -40px !important;margin-bottom: 5vh !important;padding-right: 0px !important;padding-left: 0px !important;}&#8221;][vc_column 0=&#8221;&#8221;][rev_slider_vc alias=&#8221;slider-1&#8243; el_class=&#8221;furniture-slider&#8221;][\/vc_column][\/vc_row][vc_row css=&#8221;.vc_custom_1614296652442{margin-bottom: 5vh !important;}&#8221; mobile_bg_img_hidden=&#8221;no&#8221; tablet_bg_img_hidden=&#8221;no&#8221; woodmart_parallax=&#8221;0&#8243; woodmart_gradient_switch=&#8221;no&#8221; row_reverse_mobile=&#8221;0&#8243; row_reverse_tablet=&#8221;0&#8243; woodmart_disable_overflow=&#8221;0&#8243;][vc_column]\t\t\n\t\t<div id=\"wd-60801bbcb4547\" class=\"title-wrapper  woodmart-title-color-default woodmart-title-style-default woodmart-title-width-100 text-center woodmart-title-size-custom \">\n\t\t\t\t\t\t\n\t\t\t<div class=\"liner-continer\">\n\t\t\t\t<span class=\"left-line\"><\/span>\n\t\t\t\t<h3 class=\"woodmart-title-container title  woodmart-font-weight-400\" >Alglob Metal &amp; Glass Architecture<\/h3>\t\t\t\t\t\t\t\t<span class=\"right-line\"><\/span>\n\t\t\t<\/div>\n\t\t\t\n\t\t\t\t\t\t\t<div class=\"title-after_title\">Based on orginal concepts and proven systems we realize architects and designers' visions. We reach for innovative solutions believing that success favors open minds.<\/div>\n\t\t\t\t\t\t\n\t\t\t\t\t<\/div>\n\t\t\n\t\t[\/vc_column][\/vc_row][vc_row css=&#8221;.vc_custom_1614296652442{margin-bottom: 5vh !important;}&#8221; mobile_bg_img_hidden=&#8221;no&#8221; tablet_bg_img_hidden=&#8221;no&#8221; woodmart_parallax=&#8221;0&#8243; woodmart_gradient_switch=&#8221;no&#8221; row_reverse_mobile=&#8221;0&#8243; row_reverse_tablet=&#8221;0&#8243; woodmart_disable_overflow=&#8221;0&#8243;][vc_column]\t\t\n\t\t<div id=\"wd-6080073532831\" class=\"title-wrapper  woodmart-title-color-default woodmart-title-style-default woodmart-title-width-100 text-center woodmart-title-size-custom \">\n\t\t\t\t\t\t\n\t\t\t<div class=\"liner-continer\">\n\t\t\t\t<span class=\"left-line\"><\/span>\n\t\t\t\t<h3 class=\"woodmart-title-container title  woodmart-font-weight-400\" >Our projects<\/h3>\t\t\t\t\t\t\t\t<span class=\"right-line\"><\/span>\n\t\t\t<\/div>\n\t\t\t\n\t\t\t\t\t\t\n\t\t\t\t\t<\/div>\n\t\t\n\t\t[\/vc_column][\/vc_row][vc_row woodmart_parallax=&#8221;0&#8243; woodmart_gradient_switch=&#8221;no&#8221; row_reverse_mobile=&#8221;0&#8243; row_reverse_tablet=&#8221;0&#8243; woodmart_disable_overflow=&#8221;0&#8243; css=&#8221;.vc_custom_1614298890665{margin-right: -10px !important;margin-bottom: 5vh !important;margin-left: -10px !important;}&#8221; el_id=&#8221;portfolioBanerHome&#8221; mobile_bg_img_hidden=&#8221;no&#8221; tablet_bg_img_hidden=&#8221;no&#8221;][vc_column width=&#8221;1\/4&#8243; offset=&#8221;vc_col-lg-3 vc_col-md-3 vc_col-xs-12&#8243; css=&#8221;.vc_custom_1539346125866{margin-bottom: 20px !important;padding-top: 0px !important;padding-right: 10px !important;padding-left: 10px !important;}&#8221; woodmart_parallax=&#8221;0&#8243; parallax_scroll=&#8221;no&#8221; woodmart_sticky_column=&#8221;false&#8221;]\t\t<div class=\"promo-banner-wrapper\">\n\t\t\t<div id=\"wd-6081d215a075e\" class=\"promo-banner banner-vr-align-middle banner-hr-align-center banner- banner-hover-zoom color-scheme-light banner-btn-size-default banner-btn-style-link wd-display-image  cursor-pointer\" onclick=\"window.location.href='\/en\/portfolio\/zespol-tarnowo-podgorne\/'\" >\n\n\t\t\t\t<div class=\"main-wrapp-img\">\n\t\t\t\t\t\t\t\t\t\t\t<div class=\"banner-image\">\n\t\t\t\t\t\t\t<img class=\"promo-banner-image \" src=\"https:\/\/alglob.pl\/en\/wp-content\/uploads\/2021\/02\/Zespol-Szkol-Tarnowo-1-285x277.jpg\" width=\"285\" height=\"277\" alt=\"Zesp\u00f3\u0142-Szk\u00f3\u0142-Tarnowo-1\" title=\"Zesp\u00f3\u0142-Szk\u00f3\u0142-Tarnowo-1\" \/>\t\t\t\t\t\t<\/div>\n\t\t\t\t\t\t\t\t\t<\/div>\n\n\t\t\t\t<div class=\"wrapper-content-banner \">\n\t\t\t\t\t<div class=\"content-banner text-center content-width-100\">\n\t\t\t\t\t\t\t<div class=\"banner-title-wrap banner-title-custom\"><h4 class=\"banner-title woodmart-font-weight-500\">ZESP\u00d3\u0141 SZK\u00d3\u0141 TARNOWO PODG\u00d3RNE<\/h4><\/div>\n\t\t\t\t\t\t\t\t\t\t\t\t\t\t\t\t\t<\/div>\n\t\t\t\t<\/div>\n\t\t\t\t\t\t\t<\/div>\n\t\t<\/div>\n\t\t\n\t\t[vc_empty_space height=&#8221;20px&#8221;]\t\t<div class=\"promo-banner-wrapper\">\n\t\t\t<div id=\"wd-6081d2c09dece\" class=\"promo-banner banner-vr-align-middle banner-hr-align-center banner- banner-hover-zoom color-scheme-light banner-btn-size-default banner-btn-style-link wd-display-image  cursor-pointer\" onclick=\"window.location.href='\/en\/portfolio\/okrl-poznan\/'\" >\n\n\t\t\t\t<div class=\"main-wrapp-img\">\n\t\t\t\t\t\t\t\t\t\t\t<div class=\"banner-image\">\n\t\t\t\t\t\t\t<img class=\"promo-banner-image \" src=\"https:\/\/alglob.pl\/en\/wp-content\/uploads\/2021\/02\/OKRL-1-285x277.jpg\" width=\"285\" height=\"277\" alt=\"OKRL 1\" title=\"OKRL 1\" \/>\t\t\t\t\t\t<\/div>\n\t\t\t\t\t\t\t\t\t<\/div>\n\n\t\t\t\t<div class=\"wrapper-content-banner \">\n\t\t\t\t\t<div class=\"content-banner text-center content-width-100\">\n\t\t\t\t\t\t\t<div class=\"banner-title-wrap banner-title-custom\"><h4 class=\"banner-title woodmart-font-weight-500\">OKRL POZNA\u0143<\/h4><\/div>\n\t\t\t\t\t\t\t\t\t\t\t\t\t\t\t\t\t<\/div>\n\t\t\t\t<\/div>\n\t\t\t\t\t\t\t<\/div>\n\t\t<\/div>\n\t\t\n\t\t[\/vc_column][vc_column width=&#8221;5\/12&#8243; offset=&#8221;vc_col-lg-5 vc_col-md-5 vc_col-xs-12&#8243; css=&#8221;.vc_custom_1616667283247{margin-bottom: 20px !important;padding-top: 0px !important;padding-right: 10px !important;padding-left: 10px !important;}&#8221; woodmart_parallax=&#8221;0&#8243; parallax_scroll=&#8221;no&#8221; woodmart_sticky_column=&#8221;false&#8221; mobile_bg_img_hidden=&#8221;no&#8221; tablet_bg_img_hidden=&#8221;no&#8221; el_class=&#8221;centerPortfolioBanerHome&#8221; mobile_reset_margin=&#8221;no&#8221; tablet_reset_margin=&#8221;no&#8221;]\t\t<div class=\"promo-banner-wrapper\">\n\t\t\t<div id=\"wd-6081d23f01eee\" class=\"promo-banner banner-vr-align-middle banner-hr-align-center banner- banner-hover-zoom color-scheme-light banner-btn-size-default banner-btn-style-link wd-display-image centerPortfolioBanerHome cursor-pointer\" onclick=\"window.location.href='\/en\/portfolio\/mostowa-23-poznan\/'\" >\n\n\t\t\t\t<div class=\"main-wrapp-img\">\n\t\t\t\t\t\t\t\t\t\t\t<div class=\"banner-image\">\n\t\t\t\t\t\t\t<img class=\"promo-banner-image \" src=\"https:\/\/alglob.pl\/en\/wp-content\/uploads\/2021\/02\/2-489x575.jpg\" width=\"489\" height=\"575\" alt=\"2\" title=\"2\" \/>\t\t\t\t\t\t<\/div>\n\t\t\t\t\t\t\t\t\t<\/div>\n\n\t\t\t\t<div class=\"wrapper-content-banner \">\n\t\t\t\t\t<div class=\"content-banner text-center content-width-100\">\n\t\t\t\t\t\t\t<div class=\"banner-title-wrap banner-title-custom\"><h4 class=\"banner-title woodmart-font-weight-500\">MOSTOWA 23 POZNA\u0143<\/h4><\/div>\n\t\t\t\t\t\t\t\t\t\t\t\t\t\t\t\t\t<\/div>\n\t\t\t\t<\/div>\n\t\t\t\t\t\t\t<\/div>\n\t\t<\/div>\n\t\t\n\t\t[\/vc_column][vc_column width=&#8221;1\/3&#8243; offset=&#8221;vc_col-lg-4 vc_col-md-4 vc_col-xs-12&#8243; css=&#8221;.vc_custom_1616667274449{padding-top: 0px !important;padding-right: 10px !important;padding-left: 10px !important;}&#8221; woodmart_parallax=&#8221;0&#8243; parallax_scroll=&#8221;no&#8221; woodmart_sticky_column=&#8221;false&#8221; mobile_bg_img_hidden=&#8221;no&#8221; tablet_bg_img_hidden=&#8221;no&#8221; el_class=&#8221;rightPortfolioBanerHome&#8221; mobile_reset_margin=&#8221;no&#8221; tablet_reset_margin=&#8221;no&#8221;]\t\t<div class=\"promo-banner-wrapper\">\n\t\t\t<div id=\"wd-6081d22fbcfd0\" class=\"promo-banner banner-vr-align-middle banner-hr-align-center banner- banner-hover-zoom color-scheme-light banner-btn-size-default banner-btn-style-link wd-display-image  cursor-pointer\" onclick=\"window.location.href='\/en\/portfolio\/hampton-by-hilton-old-town-poznan\/'\" >\n\n\t\t\t\t<div class=\"main-wrapp-img\">\n\t\t\t\t\t\t\t\t\t\t\t<div class=\"banner-image\">\n\t\t\t\t\t\t\t<img class=\"promo-banner-image \" src=\"https:\/\/alglob.pl\/en\/wp-content\/uploads\/2021\/02\/1-387x277.jpg\" width=\"387\" height=\"277\" alt=\"1\" title=\"1\" \/>\t\t\t\t\t\t<\/div>\n\t\t\t\t\t\t\t\t\t<\/div>\n\n\t\t\t\t<div class=\"wrapper-content-banner \">\n\t\t\t\t\t<div class=\"content-banner text-center content-width-100\">\n\t\t\t\t\t\t\t<div class=\"banner-title-wrap banner-title-custom\"><h4 class=\"banner-title woodmart-font-weight-500\">HAMPTON BY HILTON OLD TOWN POZNA\u0143<\/h4><\/div>\n\t\t\t\t\t\t\t\t\t\t\t\t\t\t\t\t\t<\/div>\n\t\t\t\t<\/div>\n\t\t\t\t\t\t\t<\/div>\n\t\t<\/div>\n\t\t\n\t\t[vc_empty_space height=&#8221;20px&#8221; el_class=&#8221;rightSpacePortfolioBanerHome&#8221; woodmart_hide_large=&#8221;0&#8243; woodmart_hide_medium=&#8221;0&#8243; woodmart_hide_small=&#8221;0&#8243; woodmart_hide_extra_small=&#8221;0&#8243;]\t\t<div class=\"promo-banner-wrapper\">\n\t\t\t<div id=\"wd-6081d300e0cfa\" class=\"promo-banner banner-vr-align-middle banner-hr-align-center banner- banner-hover-zoom color-scheme-light banner-btn-size-default banner-btn-style-link wd-display-image  cursor-pointer\" onclick=\"window.location.href='\/en\/portfolio\/piekna-49-warszawa\/'\" >\n\n\t\t\t\t<div class=\"main-wrapp-img\">\n\t\t\t\t\t\t\t\t\t\t\t<div class=\"banner-image\">\n\t\t\t\t\t\t\t<img class=\"promo-banner-image \" src=\"https:\/\/alglob.pl\/en\/wp-content\/uploads\/2021\/02\/Piekna-2-387x277.jpg\" width=\"387\" height=\"277\" alt=\"Piotr Krajewski - Fotografia Architektury \/ Architectural Photography\" title=\"\u00a9 Piotr Krajewski http:\/\/pkrajewski.pl\" \/>\t\t\t\t\t\t<\/div>\n\t\t\t\t\t\t\t\t\t<\/div>\n\n\t\t\t\t<div class=\"wrapper-content-banner \">\n\t\t\t\t\t<div class=\"content-banner text-center content-width-100\">\n\t\t\t\t\t\t\t<div class=\"banner-title-wrap banner-title-custom\"><h4 class=\"banner-title woodmart-font-weight-500\">PI\u0118KNA 49 WARSZAWA<\/h4><\/div>\n\t\t\t\t\t\t\t\t\t\t\t\t\t\t\t\t\t<\/div>\n\t\t\t\t<\/div>\n\t\t\t\t\t\t\t<\/div>\n\t\t<\/div>\n\t\t\n\t\t[\/vc_column][\/vc_row][vc_row full_width=&#8221;stretch_row_content&#8221; content_placement=&#8221;middle&#8221; woodmart_parallax=&#8221;1&#8243; css=&#8221;.vc_custom_1618914595942{margin-bottom: 0px !important;padding-top: 26vh !important;padding-bottom: 10vh !important;background-image: url(https:\/\/alglob.pl\/en\/wp-content\/uploads\/2021\/02\/elewacja_64281.jpg?id=568) !important;}&#8221; mobile_bg_img_hidden=&#8221;no&#8221; tablet_bg_img_hidden=&#8221;no&#8221; woodmart_gradient_switch=&#8221;no&#8221; row_reverse_mobile=&#8221;0&#8243; row_reverse_tablet=&#8221;0&#8243; woodmart_disable_overflow=&#8221;0&#8243; el_id=&#8221;section4Home&#8221;][vc_column width=&#8221;1\/4&#8243; offset=&#8221;vc_col-lg-7 vc_col-md-4&#8243; mobile_bg_img_hidden=&#8221;no&#8221; tablet_bg_img_hidden=&#8221;no&#8221; woodmart_parallax=&#8221;0&#8243; woodmart_sticky_column=&#8221;false&#8221; parallax_scroll=&#8221;no&#8221; mobile_reset_margin=&#8221;no&#8221; tablet_reset_margin=&#8221;no&#8221;][\/vc_column][vc_column width=&#8221;3\/4&#8243; woodmart_color_scheme=&#8221;light&#8221; css=&#8221;.vc_custom_1616582721601{padding-top: 0px !important;}&#8221; offset=&#8221;vc_col-lg-5 vc_col-md-8 vc_col-xs-12&#8243; mobile_bg_img_hidden=&#8221;no&#8221; tablet_bg_img_hidden=&#8221;no&#8221; woodmart_parallax=&#8221;0&#8243; woodmart_sticky_column=&#8221;false&#8221; parallax_scroll=&#8221;no&#8221; mobile_reset_margin=&#8221;no&#8221; tablet_reset_margin=&#8221;no&#8221; el_class=&#8221;textBoxSection4Home&#8221;][vc_row_inner css=&#8221;.vc_custom_1614299382700{margin-right: 100px !important;margin-left: 0px !important;padding-top: 5vh !important;padding-right: 10% !important;padding-bottom: 7vh !important;padding-left: 10% !important;background-color: rgba(10,10,10,0.5) !important;*background-color: rgb(10,10,10) !important;}&#8221; row_reverse_mobile=&#8221;0&#8243; row_reverse_tablet=&#8221;0&#8243;][vc_column_inner css=&#8221;.vc_custom_1497602305459{padding-top: 0px !important;padding-right: 0px !important;padding-left: 0px !important;}&#8221;]\t\n\t\t\t<div id=\"wd-608005e5200ee\" class=\"woodmart-text-block-wrapper color-scheme-light woodmart-title-size-custom woodmart-title-width-100 text-left vc_custom_1619002873380\">\n\t\t\t\t<div class=\"woodmart-title-container woodmart-text-block font-primary woodmart-font-weight-300\">\n\t\t\t\t\t<\/p>\n<h4>Creators of modern architecture<\/h4>\n<p>\t\t\t\t<\/div>\n\t\t\t\t\t\n\t\t\t<\/div>\n\t\t[vc_column_text css=&#8221;.vc_custom_1619003061498{margin-bottom: 25px !important;}&#8221; el_class=&#8221;text-larger&#8221; text_larger=&#8221;no&#8221;]We employ technologies which enable us to optimize investment costs and facilitate the creation of modern architecture. We cooperate with prised architects, designers and well-established General Contractors.[\/vc_column_text]<div id=\"wd-607e9f8cc0c3d\" class=\"woodmart-button-wrapper text-center inline-element\"><a href=\"https:\/\/alglob.pl\/en\/projects\/\" title=\"Projects\" class=\"btn btn-color-default btn-style-default btn-shape-rectangle btn-size-default\">Projects<\/a><\/div><div id=\"wd-6075ea44f0239\" class=\"woodmart-button-wrapper text-center inline-element\"><a href=\"https:\/\/alglob.pl\/en\/contact\/\" title=\"Contact\" class=\"btn btn-color-white btn-style-bordered btn-shape-rectangle btn-size-default\">CONTACT<\/a><\/div>[\/vc_column_inner][\/vc_row_inner][\/vc_column][\/vc_row]<\/p>\n","protected":false},"excerpt":{"rendered":"<p>[vc_row full_width=&#8221;stretch_row_content_no_spaces&#8221; css=&#8221;.vc_custom_1496994191040{margin-top: -40px !important;margin-bottom: 5vh !important;padding-right: 0px !important;padding-left: 0px !important;}&#8221;][vc_column 0=&#8221;&#8221;][rev_slider_vc alias=&#8221;slider-1&#8243; el_class=&#8221;furniture-slider&#8221;][\/vc_column][\/vc_row][vc_row css=&#8221;.vc_custom_1614296652442{margin-bottom: 5vh !important;}&#8221; mobile_bg_img_hidden=&#8221;no&#8221; tablet_bg_img_hidden=&#8221;no&#8221; woodmart_parallax=&#8221;0&#8243;<\/p>\n","protected":false},"author":1,"featured_media":0,"parent":0,"menu_order":0,"comment_status":"closed","ping_status":"closed","template":"","meta":[],"_links":{"self":[{"href":"https:\/\/alglob.pl\/en\/wp-json\/wp\/v2\/pages\/520"}],"collection":[{"href":"https:\/\/alglob.pl\/en\/wp-json\/wp\/v2\/pages"}],"about":[{"href":"https:\/\/alglob.pl\/en\/wp-json\/wp\/v2\/types\/page"}],"author":[{"embeddable":true,"href":"https:\/\/alglob.pl\/en\/wp-json\/wp\/v2\/users\/1"}],"replies":[{"embeddable":true,"href":"https:\/\/alglob.pl\/en\/wp-json\/wp\/v2\/comments?post=520"}],"version-history":[{"count":43,"href":"https:\/\/alglob.pl\/en\/wp-json\/wp\/v2\/pages\/520\/revisions"}],"predecessor-version":[{"id":759,"href":"https:\/\/alglob.pl\/en\/wp-json\/wp\/v2\/pages\/520\/revisions\/759"}],"wp:attachment":[{"href":"https:\/\/alglob.pl\/en\/wp-json\/wp\/v2\/media?parent=520"}],"curies":[{"name":"wp","href":"https:\/\/api.w.org\/{rel}","templated":true}]}}